{"id":359844,"date":"2022-09-28T11:56:28","date_gmt":"2022-09-28T11:56:28","guid":{"rendered":"http:\/\/nal3.com\/serveis\/consultoria\/"},"modified":"2022-12-29T12:49:00","modified_gmt":"2022-12-29T12:49:00","slug":"consultoria","status":"publish","type":"page","link":"https:\/\/nal3.com\/ca\/serveis\/consultoria\/","title":{"rendered":"Consultoria"},"content":{"rendered":"\t\t<div data-elementor-type=\"wp-page\" data-elementor-id=\"359844\" class=\"elementor elementor-359844\" data-elementor-post-type=\"page\">\n\t\t\t\t\t\t<section class=\"elementor-section elementor-top-section elementor-element elementor-element-f8e5053 elementor-section-height-min-height elementor-section-boxed elementor-section-height-default elementor-section-items-middle\" data-id=\"f8e5053\" data-element_type=\"section\" data-e-type=\"section\" data-settings=\"{&quot;background_background&quot;:&quot;classic&quot;}\">\n\t\t\t\t\t\t\t<div class=\"elementor-background-overlay\"><\/div>\n\t\t\t\t\t\t\t<div class=\"elementor-container elementor-column-gap-default\">\n\t\t\t\t\t<div class=\"elementor-column elementor-col-100 elementor-top-column elementor-element elementor-element-acafd3d\" data-id=\"acafd3d\" data-element_type=\"column\" data-e-type=\"column\">\n\t\t\t<div class=\"elementor-widget-wrap elementor-element-populated\">\n\t\t\t\t\t\t\t<\/div>\n\t\t<\/div>\n\t\t\t\t\t<\/div>\n\t\t<\/section>\n\t\t\t\t<section class=\"elementor-section elementor-top-section elementor-element elementor-element-9ba0c00 elementor-reverse-tablet elementor-reverse-mobile elementor-section-boxed elementor-section-height-default elementor-section-height-default\" data-id=\"9ba0c00\" data-element_type=\"section\" data-e-type=\"section\">\n\t\t\t\t\t\t<div class=\"elementor-container elementor-column-gap-default\">\n\t\t\t\t\t<div class=\"elementor-column elementor-col-50 elementor-top-column elementor-element elementor-element-e805191\" data-id=\"e805191\" data-element_type=\"column\" data-e-type=\"column\" data-settings=\"{&quot;background_background&quot;:&quot;classic&quot;}\">\n\t\t\t<div class=\"elementor-widget-wrap elementor-element-populated\">\n\t\t\t\t\t\t<div class=\"elementor-element elementor-element-3959419 elementor-widget elementor-widget-text-editor\" data-id=\"3959419\" data-element_type=\"widget\" data-e-type=\"widget\" data-widget_type=\"text-editor.default\">\n\t\t\t\t\t\t\t\t\t<p>Un servei de consultoria \u00e9s comparable a la planificaci\u00f3 d&#8217;un gran viatge. T\u00e9 en compte el punt de partida del client, el seu dest\u00ed, els recursos necessaris i els actius amb els quals compta o poden ser \u00fatils. <strong>Gr\u00e0cies a l&#8217;an\u00e0lisi intensiu de tots els factors que influencien a l&#8217;estrat\u00e8gia, aconseguim ajustar-la a les necessitats i situaci\u00f3 concreta i real del client<\/strong>. En poques paraules, el servei de consultoria \u00e9s fonamental per establir un full de ruta \u00f2ptima abans d&#8217;iniciar una nova estrat\u00e8gia de m\u00e0rqueting i comunicaci\u00f3.<\/p>\n\t\t\t\t\t\t\t\t<\/div>\n\t\t\t\t<div class=\"elementor-element elementor-element-8b2caec elementor-widget elementor-widget-text-editor\" data-id=\"8b2caec\" data-element_type=\"widget\" data-e-type=\"widget\" data-widget_type=\"text-editor.default\">\n\t\t\t\t\t\t\t\t\t<p>Gr\u00e0cies a un equip expert aconseguim establir els requisits necessaris per a assolir els teus objectius al mateix temps que optimitzem els recursos i detectem punts de millora. D&#8217;aquesta manera, no nom\u00e9s prioritzem la consecuci\u00f3 d&#8217;objectius sin\u00f3 tamb\u00e9, la creaci\u00f3 d&#8217;un proc\u00e9s eficient on la presa de decisions se simplifica.<\/p>\n\t\t\t\t\t\t\t\t<\/div>\n\t\t\t\t<div class=\"elementor-element elementor-element-c36018c elementor-tablet-align-center elementor-widget elementor-widget-button\" data-id=\"c36018c\" data-element_type=\"widget\" data-e-type=\"widget\" data-widget_type=\"button.default\">\n\t\t\t\t\t\t\t\t\t\t<a class=\"elementor-button elementor-button-link elementor-size-md\" href=\"https:\/\/nal3.com\/ca\/serveis\/#servicios\">\n\t\t\t\t\t\t<span class=\"elementor-button-content-wrapper\">\n\t\t\t\t\t\t\t\t\t<span class=\"elementor-button-text\">Descobreix la resta dels nostres serveis<\/span>\n\t\t\t\t\t<\/span>\n\t\t\t\t\t<\/a>\n\t\t\t\t\t\t\t\t<\/div>\n\t\t\t\t\t<\/div>\n\t\t<\/div>\n\t\t\t\t<div class=\"elementor-column elementor-col-50 elementor-top-column elementor-element elementor-element-203cf03\" data-id=\"203cf03\" data-element_type=\"column\" data-e-type=\"column\" data-settings=\"{&quot;background_background&quot;:&quot;classic&quot;}\">\n\t\t\t<div class=\"elementor-widget-wrap elementor-element-populated\">\n\t\t\t\t\t\t<div class=\"elementor-element elementor-element-50d8490 elementor-view-stacked elementor-shape-square elementor-widget elementor-widget-icon\" data-id=\"50d8490\" data-element_type=\"widget\" data-e-type=\"widget\" data-widget_type=\"icon.default\">\n\t\t\t\t\t\t\t<div class=\"elementor-icon-wrapper\">\n\t\t\t<div class=\"elementor-icon elementor-animation-float\">\n\t\t\t<i aria-hidden=\"true\" class=\"n3 n3-Cohesion\"><\/i>\t\t\t<\/div>\n\t\t<\/div>\n\t\t\t\t\t\t<\/div>\n\t\t\t\t\t<\/div>\n\t\t<\/div>\n\t\t\t\t\t<\/div>\n\t\t<\/section>\n\t\t\t\t<section class=\"elementor-section elementor-top-section elementor-element elementor-element-79bbb26 elementor-section-boxed elementor-section-height-default elementor-section-height-default\" data-id=\"79bbb26\" data-element_type=\"section\" data-e-type=\"section\" data-settings=\"{&quot;background_background&quot;:&quot;classic&quot;}\">\n\t\t\t\t\t\t\t<div class=\"elementor-background-overlay\"><\/div>\n\t\t\t\t\t\t\t<div class=\"elementor-container elementor-column-gap-default\">\n\t\t\t\t\t<div class=\"elementor-column elementor-col-100 elementor-top-column elementor-element elementor-element-b14f94d\" data-id=\"b14f94d\" data-element_type=\"column\" data-e-type=\"column\" data-settings=\"{&quot;background_background&quot;:&quot;classic&quot;}\">\n\t\t\t<div class=\"elementor-widget-wrap elementor-element-populated\">\n\t\t\t\t\t<div class=\"elementor-background-overlay\"><\/div>\n\t\t\t\t\t\t<div class=\"elementor-element elementor-element-b7913ca elementor-widget elementor-widget-heading\" data-id=\"b7913ca\" data-element_type=\"widget\" data-e-type=\"widget\" data-widget_type=\"heading.default\">\n\t\t\t\t\t<h2 class=\"elementor-heading-title elementor-size-default\">T'hem conven\u00e7ut?<\/h2>\t\t\t\t<\/div>\n\t\t\t\t<div class=\"elementor-element elementor-element-a412c86 elementor-align-center elementor-widget elementor-widget-button\" data-id=\"a412c86\" data-element_type=\"widget\" data-e-type=\"widget\" data-widget_type=\"button.default\">\n\t\t\t\t\t\t\t\t\t\t<a class=\"elementor-button elementor-button-link elementor-size-lg\" href=\"https:\/\/nal3.com\/ca\/contacte\/\">\n\t\t\t\t\t\t<span class=\"elementor-button-content-wrapper\">\n\t\t\t\t\t\t\t\t\t<span class=\"elementor-button-text\">Contacta amb nosaltres<\/span>\n\t\t\t\t\t<\/span>\n\t\t\t\t\t<\/a>\n\t\t\t\t\t\t\t\t<\/div>\n\t\t\t\t\t<\/div>\n\t\t<\/div>\n\t\t\t\t\t<\/div>\n\t\t<\/section>\n\t\t\t\t<\/div>\n\t\t","protected":false},"excerpt":{"rendered":"<p>Un servei de consultoria \u00e9s comparable a la planificaci\u00f3 d&#8217;un gran viatge. T\u00e9 en compte el punt de partida del client, el seu dest\u00ed, els recursos necessaris i els actius amb els quals compta o poden ser \u00fatils. Gr\u00e0cies a l&#8217;an\u00e0lisi intensiu de tots els factors que influencien a l&#8217;estrat\u00e8gia, aconseguim ajustar-la a les necessitats [&hellip;]<\/p>\n","protected":false},"author":1,"featured_media":0,"parent":359811,"menu_order":0,"comment_status":"closed","ping_status":"closed","template":"","meta":{"_acf_changed":false,"footnotes":""},"class_list":["post-359844","page","type-page","status-publish","hentry"],"acf":[],"_links":{"self":[{"href":"https:\/\/nal3.com\/ca\/wp-json\/wp\/v2\/pages\/359844","targetHints":{"allow":["GET"]}}],"collection":[{"href":"https:\/\/nal3.com\/ca\/wp-json\/wp\/v2\/pages"}],"about":[{"href":"https:\/\/nal3.com\/ca\/wp-json\/wp\/v2\/types\/page"}],"author":[{"embeddable":true,"href":"https:\/\/nal3.com\/ca\/wp-json\/wp\/v2\/users\/1"}],"replies":[{"embeddable":true,"href":"https:\/\/nal3.com\/ca\/wp-json\/wp\/v2\/comments?post=359844"}],"version-history":[{"count":0,"href":"https:\/\/nal3.com\/ca\/wp-json\/wp\/v2\/pages\/359844\/revisions"}],"up":[{"embeddable":true,"href":"https:\/\/nal3.com\/ca\/wp-json\/wp\/v2\/pages\/359811"}],"wp:attachment":[{"href":"https:\/\/nal3.com\/ca\/wp-json\/wp\/v2\/media?parent=359844"}],"curies":[{"name":"wp","href":"https:\/\/api.w.org\/{rel}","templated":true}]}}