{"id":359891,"date":"2022-09-28T11:37:21","date_gmt":"2022-09-28T09:37:21","guid":{"rendered":"http:\/\/nal3.com\/serveis\/comunicacio-corporativa\/"},"modified":"2023-03-03T09:19:33","modified_gmt":"2023-03-03T09:19:33","slug":"comunicacio-corporativa","status":"publish","type":"page","link":"https:\/\/nal3.com\/ca\/serveis\/comunicacio-corporativa\/","title":{"rendered":"Comunicaci\u00f3 corporativa"},"content":{"rendered":"\t\t<div data-elementor-type=\"wp-page\" data-elementor-id=\"359891\" class=\"elementor elementor-359891 elementor-1818\" data-elementor-post-type=\"page\">\n\t\t\t\t\t\t<section class=\"elementor-section elementor-top-section elementor-element elementor-element-f8e5053 elementor-section-height-min-height elementor-section-boxed elementor-section-height-default elementor-section-items-middle\" data-id=\"f8e5053\" data-element_type=\"section\" data-e-type=\"section\" data-settings=\"{&quot;background_background&quot;:&quot;classic&quot;}\">\n\t\t\t\t\t\t\t<div class=\"elementor-background-overlay\"><\/div>\n\t\t\t\t\t\t\t<div class=\"elementor-container elementor-column-gap-default\">\n\t\t\t\t\t<div class=\"elementor-column elementor-col-100 elementor-top-column elementor-element elementor-element-acafd3d\" data-id=\"acafd3d\" data-element_type=\"column\" data-e-type=\"column\">\n\t\t\t<div class=\"elementor-widget-wrap elementor-element-populated\">\n\t\t\t\t\t\t\t<\/div>\n\t\t<\/div>\n\t\t\t\t\t<\/div>\n\t\t<\/section>\n\t\t\t\t<section class=\"elementor-section elementor-top-section elementor-element elementor-element-9ba0c00 elementor-reverse-tablet elementor-reverse-mobile elementor-section-boxed elementor-section-height-default elementor-section-height-default\" data-id=\"9ba0c00\" data-element_type=\"section\" data-e-type=\"section\">\n\t\t\t\t\t\t<div class=\"elementor-container elementor-column-gap-default\">\n\t\t\t\t\t<div class=\"elementor-column elementor-col-50 elementor-top-column elementor-element elementor-element-e805191\" data-id=\"e805191\" data-element_type=\"column\" data-e-type=\"column\" data-settings=\"{&quot;background_background&quot;:&quot;classic&quot;}\">\n\t\t\t<div class=\"elementor-widget-wrap elementor-element-populated\">\n\t\t\t\t\t\t<div class=\"elementor-element elementor-element-3959419 elementor-widget elementor-widget-text-editor\" data-id=\"3959419\" data-element_type=\"widget\" data-e-type=\"widget\" data-widget_type=\"text-editor.default\">\n\t\t\t\t\t\t\t\t\t<p>La comunicaci\u00f3 corporativa \u00e9s la forma que t\u00e9 la teva empresa de mostrar-se al m\u00f3n. Pot semblar una definici\u00f3 senzilla, per\u00f2 aconseguir que clients i altres agents dins de la teva audi\u00e8ncia percebin amb excatitud all\u00f2 que et diferencia de la teva compet\u00e8ncia \u00e9s un proc\u00e9s delicat que implica, per exemple, la relaci\u00f3 amb els mitjans de comunicaci\u00f3 i un bon gabinet de premsa. <strong>De la mateixa manera que una hist\u00f2ria est\u00e0 formada per un ambient, personatges i diferents esdeveniments, la comunicaci\u00f3 corporativa es presenta com el relat de la teva marca<\/strong>.<\/p>\n\t\t\t\t\t\t\t\t<\/div>\n\t\t\t\t<div class=\"elementor-element elementor-element-8b2caec elementor-widget elementor-widget-text-editor\" data-id=\"8b2caec\" data-element_type=\"widget\" data-e-type=\"widget\" data-widget_type=\"text-editor.default\">\n\t\t\t\t\t\t\t\t\t<p>La import\u00e0ncia d&#8217;un desenvolupament \u00f2ptim de la comunicaci\u00f3 corporativa de la teva empresa tamb\u00e9 radica a ser el full de ruta del teu equip hum\u00e0 a l&#8217;hora de comunicar-se tant dins com fora de l&#8217;organitzaci\u00f3. El nostre objectiu \u00e9s aconseguir un discurs coherent i coordinar-lo, no nom\u00e9s en la redacci\u00f3 de les notes de premsa, sin\u00f3 tamb\u00e9 en tots els canals emprats en la teva estrat\u00e8gia de comunicaci\u00f3 i marketing.<\/p>\n\t\t\t\t\t\t\t\t<\/div>\n\t\t\t\t<div class=\"elementor-element elementor-element-c36018c elementor-tablet-align-center elementor-widget elementor-widget-button\" data-id=\"c36018c\" data-element_type=\"widget\" data-e-type=\"widget\" data-widget_type=\"button.default\">\n\t\t\t\t\t\t\t\t\t\t<a class=\"elementor-button elementor-button-link elementor-size-md\" href=\"https:\/\/nal3.com\/ca\/serveis\/#servicios\">\n\t\t\t\t\t\t<span class=\"elementor-button-content-wrapper\">\n\t\t\t\t\t\t\t\t\t<span class=\"elementor-button-text\">Descobreix la resta dels nostres serveis<\/span>\n\t\t\t\t\t<\/span>\n\t\t\t\t\t<\/a>\n\t\t\t\t\t\t\t\t<\/div>\n\t\t\t\t\t<\/div>\n\t\t<\/div>\n\t\t\t\t<div class=\"elementor-column elementor-col-50 elementor-top-column elementor-element elementor-element-203cf03\" data-id=\"203cf03\" data-element_type=\"column\" data-e-type=\"column\" data-settings=\"{&quot;background_background&quot;:&quot;classic&quot;}\">\n\t\t\t<div class=\"elementor-widget-wrap elementor-element-populated\">\n\t\t\t\t\t\t<div class=\"elementor-element elementor-element-50d8490 elementor-view-stacked elementor-shape-square elementor-widget elementor-widget-icon\" data-id=\"50d8490\" data-element_type=\"widget\" data-e-type=\"widget\" data-widget_type=\"icon.default\">\n\t\t\t\t\t\t\t<div class=\"elementor-icon-wrapper\">\n\t\t\t<div class=\"elementor-icon elementor-animation-float\">\n\t\t\t<i aria-hidden=\"true\" class=\"n3 n3-Comunicacion2\"><\/i>\t\t\t<\/div>\n\t\t<\/div>\n\t\t\t\t\t\t<\/div>\n\t\t\t\t\t<\/div>\n\t\t<\/div>\n\t\t\t\t\t<\/div>\n\t\t<\/section>\n\t\t\t\t<section class=\"elementor-section elementor-top-section elementor-element elementor-element-79bbb26 elementor-section-boxed elementor-section-height-default elementor-section-height-default\" data-id=\"79bbb26\" data-element_type=\"section\" data-e-type=\"section\" data-settings=\"{&quot;background_background&quot;:&quot;classic&quot;}\">\n\t\t\t\t\t\t\t<div class=\"elementor-background-overlay\"><\/div>\n\t\t\t\t\t\t\t<div class=\"elementor-container elementor-column-gap-default\">\n\t\t\t\t\t<div class=\"elementor-column elementor-col-100 elementor-top-column elementor-element elementor-element-b14f94d\" data-id=\"b14f94d\" data-element_type=\"column\" data-e-type=\"column\" data-settings=\"{&quot;background_background&quot;:&quot;classic&quot;}\">\n\t\t\t<div class=\"elementor-widget-wrap elementor-element-populated\">\n\t\t\t\t\t<div class=\"elementor-background-overlay\"><\/div>\n\t\t\t\t\t\t<div class=\"elementor-element elementor-element-b7913ca elementor-widget elementor-widget-heading\" data-id=\"b7913ca\" data-element_type=\"widget\" data-e-type=\"widget\" data-widget_type=\"heading.default\">\n\t\t\t\t\t<h2 class=\"elementor-heading-title elementor-size-default\">T'hem conven\u00e7ut?<\/h2>\t\t\t\t<\/div>\n\t\t\t\t<div class=\"elementor-element elementor-element-a412c86 elementor-align-center elementor-widget elementor-widget-button\" data-id=\"a412c86\" data-element_type=\"widget\" data-e-type=\"widget\" data-widget_type=\"button.default\">\n\t\t\t\t\t\t\t\t\t\t<a class=\"elementor-button elementor-button-link elementor-size-lg\" href=\"https:\/\/nal3.com\/ca\/contacte\/\">\n\t\t\t\t\t\t<span class=\"elementor-button-content-wrapper\">\n\t\t\t\t\t\t\t\t\t<span class=\"elementor-button-text\">Contacta amb nosaltres<\/span>\n\t\t\t\t\t<\/span>\n\t\t\t\t\t<\/a>\n\t\t\t\t\t\t\t\t<\/div>\n\t\t\t\t\t<\/div>\n\t\t<\/div>\n\t\t\t\t\t<\/div>\n\t\t<\/section>\n\t\t\t\t<\/div>\n\t\t","protected":false},"excerpt":{"rendered":"<p>La comunicaci\u00f3 corporativa \u00e9s la forma que t\u00e9 la teva empresa de mostrar-se al m\u00f3n. Pot semblar una definici\u00f3 senzilla, per\u00f2 aconseguir que clients i altres agents dins de la teva audi\u00e8ncia percebin amb excatitud all\u00f2 que et diferencia de la teva compet\u00e8ncia \u00e9s un proc\u00e9s delicat que implica, per exemple, la relaci\u00f3 amb els [&hellip;]<\/p>\n","protected":false},"author":1,"featured_media":0,"parent":359811,"menu_order":0,"comment_status":"closed","ping_status":"closed","template":"","meta":{"_acf_changed":false,"footnotes":""},"class_list":["post-359891","page","type-page","status-publish","hentry"],"acf":[],"_links":{"self":[{"href":"https:\/\/nal3.com\/ca\/wp-json\/wp\/v2\/pages\/359891","targetHints":{"allow":["GET"]}}],"collection":[{"href":"https:\/\/nal3.com\/ca\/wp-json\/wp\/v2\/pages"}],"about":[{"href":"https:\/\/nal3.com\/ca\/wp-json\/wp\/v2\/types\/page"}],"author":[{"embeddable":true,"href":"https:\/\/nal3.com\/ca\/wp-json\/wp\/v2\/users\/1"}],"replies":[{"embeddable":true,"href":"https:\/\/nal3.com\/ca\/wp-json\/wp\/v2\/comments?post=359891"}],"version-history":[{"count":0,"href":"https:\/\/nal3.com\/ca\/wp-json\/wp\/v2\/pages\/359891\/revisions"}],"up":[{"embeddable":true,"href":"https:\/\/nal3.com\/ca\/wp-json\/wp\/v2\/pages\/359811"}],"wp:attachment":[{"href":"https:\/\/nal3.com\/ca\/wp-json\/wp\/v2\/media?parent=359891"}],"curies":[{"name":"wp","href":"https:\/\/api.w.org\/{rel}","templated":true}]}}