{"id":359908,"date":"2022-11-08T11:57:24","date_gmt":"2022-11-08T10:57:24","guid":{"rendered":"http:\/\/nal3.com\/serveis\/smm\/"},"modified":"2022-12-16T09:12:50","modified_gmt":"2022-12-16T09:12:50","slug":"smm","status":"publish","type":"page","link":"https:\/\/nal3.com\/ca\/serveis\/smm\/","title":{"rendered":"SMM"},"content":{"rendered":"\t\t<div data-elementor-type=\"wp-page\" data-elementor-id=\"359908\" class=\"elementor elementor-359908 elementor-358128\" data-elementor-post-type=\"page\">\n\t\t\t\t\t\t<section class=\"elementor-section elementor-top-section elementor-element elementor-element-f8e5053 elementor-section-height-min-height elementor-section-boxed elementor-section-height-default elementor-section-items-middle\" data-id=\"f8e5053\" data-element_type=\"section\" data-e-type=\"section\" data-settings=\"{&quot;background_background&quot;:&quot;classic&quot;}\">\n\t\t\t\t\t\t\t<div class=\"elementor-background-overlay\"><\/div>\n\t\t\t\t\t\t\t<div class=\"elementor-container elementor-column-gap-default\">\n\t\t\t\t\t<div class=\"elementor-column elementor-col-100 elementor-top-column elementor-element elementor-element-acafd3d\" data-id=\"acafd3d\" data-element_type=\"column\" data-e-type=\"column\">\n\t\t\t<div class=\"elementor-widget-wrap elementor-element-populated\">\n\t\t\t\t\t\t\t<\/div>\n\t\t<\/div>\n\t\t\t\t\t<\/div>\n\t\t<\/section>\n\t\t\t\t<section class=\"elementor-section elementor-top-section elementor-element elementor-element-9ba0c00 elementor-reverse-tablet elementor-reverse-mobile elementor-section-boxed elementor-section-height-default elementor-section-height-default\" data-id=\"9ba0c00\" data-element_type=\"section\" data-e-type=\"section\">\n\t\t\t\t\t\t<div class=\"elementor-container elementor-column-gap-default\">\n\t\t\t\t\t<div class=\"elementor-column elementor-col-50 elementor-top-column elementor-element elementor-element-e805191\" data-id=\"e805191\" data-element_type=\"column\" data-e-type=\"column\" data-settings=\"{&quot;background_background&quot;:&quot;classic&quot;}\">\n\t\t\t<div class=\"elementor-widget-wrap elementor-element-populated\">\n\t\t\t\t\t\t<div class=\"elementor-element elementor-element-3959419 elementor-widget elementor-widget-text-editor\" data-id=\"3959419\" data-element_type=\"widget\" data-e-type=\"widget\" data-widget_type=\"text-editor.default\">\n\t\t\t\t\t\t\t\t\t<p><strong>El <em>social media marketing<\/em> o SMM ens permet fomentar l&#8217;aparici\u00f3 de publicitat dels productes o serveis dels nostres clients en canals tan atractius i actius com les xarxes socials<\/strong>. Facebook, Instagram, TikTok\u2026 no nom\u00e9s estan segmentades en si mateixes, sin\u00f3 que ens permet una selecci\u00f3 de p\u00fablics concrets dins dels usuaris que dia a dia interactuen en aquestes plataformes.<\/p>\n\t\t\t\t\t\t\t\t<\/div>\n\t\t\t\t<div class=\"elementor-element elementor-element-8b2caec elementor-widget elementor-widget-text-editor\" data-id=\"8b2caec\" data-element_type=\"widget\" data-e-type=\"widget\" data-widget_type=\"text-editor.default\">\n\t\t\t\t\t\t\t\t\t<p>Com en totes les accions que desenvolupem, a Nal3 apostem per una <strong>selecci\u00f3 coherent de canals, una planificaci\u00f3 met\u00f2dica i estrat\u00e8gica i la creaci\u00f3 de publicitat apel\u00b7lant i diferent de la compet\u00e8ncia<\/strong>. L&#8217;escenari plantejat per les xarxes socials \u00e9s com un gran circ on el n\u00famero que demostri m\u00e9s originalitat \u2014mentre entre bastidors est\u00e0 tot sota control\u2014 ser\u00e0 el favorit del p\u00fablic. Per sort per als nostres clients, sempre ens hem considerat una mica mestres de cerim\u00f2nies.<\/p>\n\t\t\t\t\t\t\t\t<\/div>\n\t\t\t\t<div class=\"elementor-element elementor-element-c36018c elementor-tablet-align-center elementor-widget elementor-widget-button\" data-id=\"c36018c\" data-element_type=\"widget\" data-e-type=\"widget\" data-widget_type=\"button.default\">\n\t\t\t\t\t\t\t\t\t\t<a class=\"elementor-button elementor-button-link elementor-size-md\" href=\"https:\/\/nal3.com\/ca\/serveis\/#servicios\">\n\t\t\t\t\t\t<span class=\"elementor-button-content-wrapper\">\n\t\t\t\t\t\t\t\t\t<span class=\"elementor-button-text\">Descobreix la resta dels nostres serveis<\/span>\n\t\t\t\t\t<\/span>\n\t\t\t\t\t<\/a>\n\t\t\t\t\t\t\t\t<\/div>\n\t\t\t\t\t<\/div>\n\t\t<\/div>\n\t\t\t\t<div class=\"elementor-column elementor-col-50 elementor-top-column elementor-element elementor-element-203cf03\" data-id=\"203cf03\" data-element_type=\"column\" data-e-type=\"column\" data-settings=\"{&quot;background_background&quot;:&quot;classic&quot;}\">\n\t\t\t<div class=\"elementor-widget-wrap elementor-element-populated\">\n\t\t\t\t\t\t<div class=\"elementor-element elementor-element-50d8490 elementor-view-stacked elementor-shape-square elementor-widget elementor-widget-icon\" data-id=\"50d8490\" data-element_type=\"widget\" data-e-type=\"widget\" data-widget_type=\"icon.default\">\n\t\t\t\t\t\t\t<div class=\"elementor-icon-wrapper\">\n\t\t\t<div class=\"elementor-icon elementor-animation-float\">\n\t\t\t<i aria-hidden=\"true\" class=\"n3 n3-Optimizacion\"><\/i>\t\t\t<\/div>\n\t\t<\/div>\n\t\t\t\t\t\t<\/div>\n\t\t\t\t\t<\/div>\n\t\t<\/div>\n\t\t\t\t\t<\/div>\n\t\t<\/section>\n\t\t\t\t<section class=\"elementor-section elementor-top-section elementor-element elementor-element-79bbb26 elementor-section-boxed elementor-section-height-default elementor-section-height-default\" data-id=\"79bbb26\" data-element_type=\"section\" data-e-type=\"section\" data-settings=\"{&quot;background_background&quot;:&quot;classic&quot;}\">\n\t\t\t\t\t\t\t<div class=\"elementor-background-overlay\"><\/div>\n\t\t\t\t\t\t\t<div class=\"elementor-container elementor-column-gap-default\">\n\t\t\t\t\t<div class=\"elementor-column elementor-col-100 elementor-top-column elementor-element elementor-element-b14f94d\" data-id=\"b14f94d\" data-element_type=\"column\" data-e-type=\"column\" data-settings=\"{&quot;background_background&quot;:&quot;classic&quot;}\">\n\t\t\t<div class=\"elementor-widget-wrap elementor-element-populated\">\n\t\t\t\t\t<div class=\"elementor-background-overlay\"><\/div>\n\t\t\t\t\t\t<div class=\"elementor-element elementor-element-b7913ca elementor-widget elementor-widget-heading\" data-id=\"b7913ca\" data-element_type=\"widget\" data-e-type=\"widget\" data-widget_type=\"heading.default\">\n\t\t\t\t\t<h2 class=\"elementor-heading-title elementor-size-default\">T'hem conven\u00e7ut?<\/h2>\t\t\t\t<\/div>\n\t\t\t\t<div class=\"elementor-element elementor-element-a412c86 elementor-align-center elementor-widget elementor-widget-button\" data-id=\"a412c86\" data-element_type=\"widget\" data-e-type=\"widget\" data-widget_type=\"button.default\">\n\t\t\t\t\t\t\t\t\t\t<a class=\"elementor-button elementor-button-link elementor-size-lg\" href=\"https:\/\/nal3.com\/ca\/contacte\/\">\n\t\t\t\t\t\t<span class=\"elementor-button-content-wrapper\">\n\t\t\t\t\t\t\t\t\t<span class=\"elementor-button-text\">Contacta amb nosaltres<\/span>\n\t\t\t\t\t<\/span>\n\t\t\t\t\t<\/a>\n\t\t\t\t\t\t\t\t<\/div>\n\t\t\t\t\t<\/div>\n\t\t<\/div>\n\t\t\t\t\t<\/div>\n\t\t<\/section>\n\t\t\t\t<\/div>\n\t\t","protected":false},"excerpt":{"rendered":"<p>El social media marketing o SMM ens permet fomentar l&#8217;aparici\u00f3 de publicitat dels productes o serveis dels nostres clients en canals tan atractius i actius com les xarxes socials. Facebook, Instagram, TikTok\u2026 no nom\u00e9s estan segmentades en si mateixes, sin\u00f3 que ens permet una selecci\u00f3 de p\u00fablics concrets dins dels usuaris que dia a dia [&hellip;]<\/p>\n","protected":false},"author":1,"featured_media":0,"parent":359811,"menu_order":0,"comment_status":"closed","ping_status":"closed","template":"","meta":{"_acf_changed":false,"footnotes":""},"class_list":["post-359908","page","type-page","status-publish","hentry"],"acf":[],"_links":{"self":[{"href":"https:\/\/nal3.com\/ca\/wp-json\/wp\/v2\/pages\/359908","targetHints":{"allow":["GET"]}}],"collection":[{"href":"https:\/\/nal3.com\/ca\/wp-json\/wp\/v2\/pages"}],"about":[{"href":"https:\/\/nal3.com\/ca\/wp-json\/wp\/v2\/types\/page"}],"author":[{"embeddable":true,"href":"https:\/\/nal3.com\/ca\/wp-json\/wp\/v2\/users\/1"}],"replies":[{"embeddable":true,"href":"https:\/\/nal3.com\/ca\/wp-json\/wp\/v2\/comments?post=359908"}],"version-history":[{"count":0,"href":"https:\/\/nal3.com\/ca\/wp-json\/wp\/v2\/pages\/359908\/revisions"}],"up":[{"embeddable":true,"href":"https:\/\/nal3.com\/ca\/wp-json\/wp\/v2\/pages\/359811"}],"wp:attachment":[{"href":"https:\/\/nal3.com\/ca\/wp-json\/wp\/v2\/media?parent=359908"}],"curies":[{"name":"wp","href":"https:\/\/api.w.org\/{rel}","templated":true}]}}